{"id":15,"date":"2020-10-17T19:57:05","date_gmt":"2020-10-17T19:57:05","guid":{"rendered":"https:\/\/heisler-plan.de\/?page_id=15"},"modified":"2020-12-28T12:52:30","modified_gmt":"2020-12-28T12:52:30","slug":"impressum","status":"publish","type":"page","link":"https:\/\/heisler-plan.de\/?page_id=15","title":{"rendered":"Impressum"},"content":{"rendered":"\n<div class=\"wp-container-2 wp-block-group\"><div class=\"wp-block-group__inner-container\">\n<figure class=\"wp-block-table\"><table><tbody><tr><td><strong>Dipl.- Ing. (FH) Anette Heisler<\/strong><br><strong>Bauplanungs- und Sachverst\u00e4ndigenb\u00fcro<\/strong><br>Orangeriestra\u00dfe 34 a<br>D-06847 Dessau-Ro\u00dflau <br>Tel.:       +49 (0) 340 540 703 &#8211; 30  <br><br><a href=\"http:\/\/www.heisler-plan.de\/\">www.heisler-plan.de<\/a> &#8211; <a href=\"mailto:info@heisler-plan.de\">info(at)heisler-plan.de<\/a><br><br>USt-IdNr.: DE 165653357 FA Dessau-Ro\u00dflau<br>Gesch\u00e4ftsf\u00fchrerin \/ Managing Director: Anette Heisler \u00a0 <\/td><\/tr><\/tbody><\/table><\/figure>\n<\/div><\/div>\n\n\n\n<p><br><\/p>\n","protected":false},"excerpt":{"rendered":"<p>Dipl.- Ing. (FH) Anette HeislerBauplanungs- und Sachverst\u00e4ndigenb\u00fcroOrangeriestra\u00dfe 34 aD-06847 Dessau-Ro\u00dflau Tel.: +49 (0) 340 540 703 &#8211; 30 www.heisler-plan.de &#8211; info(at)heisler-plan.de USt-IdNr.: DE 165653357 FA Dessau-Ro\u00dflauGesch\u00e4ftsf\u00fchrerin \/ Managing Director: Anette Heisler \u00a0<\/p>\n","protected":false},"author":1,"featured_media":0,"parent":0,"menu_order":0,"comment_status":"closed","ping_status":"closed","template":"","meta":[],"_links":{"self":[{"href":"https:\/\/heisler-plan.de\/index.php?rest_route=\/wp\/v2\/pages\/15"}],"collection":[{"href":"https:\/\/heisler-plan.de\/index.php?rest_route=\/wp\/v2\/pages"}],"about":[{"href":"https:\/\/heisler-plan.de\/index.php?rest_route=\/wp\/v2\/types\/page"}],"author":[{"embeddable":true,"href":"https:\/\/heisler-plan.de\/index.php?rest_route=\/wp\/v2\/users\/1"}],"replies":[{"embeddable":true,"href":"https:\/\/heisler-plan.de\/index.php?rest_route=%2Fwp%2Fv2%2Fcomments&post=15"}],"version-history":[{"count":3,"href":"https:\/\/heisler-plan.de\/index.php?rest_route=\/wp\/v2\/pages\/15\/revisions"}],"predecessor-version":[{"id":111,"href":"https:\/\/heisler-plan.de\/index.php?rest_route=\/wp\/v2\/pages\/15\/revisions\/111"}],"wp:attachment":[{"href":"https:\/\/heisler-plan.de\/index.php?rest_route=%2Fwp%2Fv2%2Fmedia&parent=15"}],"curies":[{"name":"wp","href":"https:\/\/api.w.org\/{rel}","templated":true}]}}